{"id":89,"date":"2025-02-24T15:12:48","date_gmt":"2025-02-24T14:12:48","guid":{"rendered":"https:\/\/welcome.ecam.fr\/?page_id=89"},"modified":"2025-04-24T14:59:42","modified_gmt":"2025-04-24T12:59:42","slug":"mentions-legales","status":"publish","type":"page","link":"https:\/\/my.ecam-lasalle.fr\/en\/mentions-legales\/","title":{"rendered":"Mentions l\u00e9gales"},"content":{"rendered":"\n<p><strong>Nous vous remercions de votre visite sur le site\u00a0<a href=\"http:\/\/my.ecam-lasalle.fr\">my.ecam-lasalle.fr<\/a><\/strong> <strong>Vous trouverez ci-dessous notre politique en mati\u00e8re de traitement de donn\u00e9es personnelles. En visitant ce site vous acceptez les pratiques que nous d\u00e9taillons et vous adh\u00e9rez aux termes et conditions \u00e9nonc\u00e9es ci-apr\u00e8s.<\/strong><\/p>\n\n\n\n<p>Con\u00e7u de mani\u00e8re \u00ab\u00a0responsive\u00a0\u00bb le site d\u2019ECAM LaSalle s\u2019adapte \u00e0 tous supports, toutes r\u00e9solutions. Le site <a href=\"http:\/\/my.ecam-lasalle.fr\" data-type=\"link\" data-id=\"my.ecam-lasalle.fr\">my.ecam-lasalle.fr<\/a> est destin\u00e9 \u00e0 l\u2019information personnelle des internautes qui l\u2019utilisent.<\/p>\n\n\n\n<h2 class=\"wp-block-heading\">Informations g\u00e9n\u00e9rales<\/h2>\n\n\n\n<p>Ce site est propri\u00e9t\u00e9 de&nbsp;<strong>l\u2019ECAM LaSalle<\/strong><\/p>\n\n\n\n<p><strong>Si\u00e8ge social&nbsp;:&nbsp;<\/strong>ECAM LaSalle \u2013 40 mont\u00e9e Saint Barth\u00e9lemy \u2013 69321 Lyon cedex 05 \u2013 T\u00e9l\u00e9phone : 04 72 77 06 00 \u2013 Fax : 04 72 77 06 11<br><strong>Directeur de publication du site&nbsp;:&nbsp;<\/strong>Estelle JARRY, Responsable de la Communication<\/p>\n\n\n\n<p><strong>Conception site&nbsp;<\/strong>: Service Informatique ECAM LaSalle<br><strong>Maintenance et h\u00e9bergement<\/strong>&nbsp;: ECAM LaSalle<br><strong>Contact&nbsp;<\/strong>&nbsp;:&nbsp;&nbsp;<a href=\"&#x6d;&#97;&#x69;&#x6c;t&#x6f;&#58;c&#x6f;&#109;m&#x75;&#110;&#x69;&#x63;a&#x74;&#105;o&#x6e;&#64;e&#x63;&#97;&#x6d;&#x2e;&#102;&#x72;\">&#x63;&#x6f;&#x6d;&#x6d;&#x75;&#x6e;&#x69;&#99;&#97;&#116;&#105;&#111;n&#64;ec&#x61;&#x6d;&#x2e;&#x66;&#x72;<\/a><\/p>\n\n\n\n<p><strong>Copyright\u00a0:<\/strong>\u00a0ECAM LaSalle 2025<\/p>\n\n\n\n<p><strong>Cr\u00e9dits Photos&nbsp;:&nbsp;<\/strong>ECAM LaSalle et St\u00e9phane Rambaud<\/p>\n\n\n\n<h2 class=\"wp-block-heading\">Protection des donn\u00e9es personnelles<\/h2>\n\n\n\n<p>La consultation du site\u00a0<a href=\"http:\/\/materiaux.ecam.fr\/\" target=\"_blank\" rel=\"noreferrer noopener\"><\/a><a href=\"http:\/\/my.ecam-lasalle.fr\" data-type=\"link\" data-id=\"my.ecam-lasalle.fr\">my.ecam-lasalle.fr<\/a> est possible sans que vous ayez \u00e0 r\u00e9v\u00e9ler votre identit\u00e9 ou toute autre information \u00e0 caract\u00e8re personnel vous concernant.<\/p>\n\n\n\n<p>ECAM LaSalle s\u2019engage \u00e0 respecter votre vie priv\u00e9e et \u00e0 prot\u00e9ger les informations que vous lui communiquez. En particulier, les donn\u00e9es personnelles collect\u00e9es sur le site Internet\u00a0<a href=\"http:\/\/my.ecam-lasalle.fr\" data-type=\"link\" data-id=\"my.ecam-lasalle.fr\">my.ecam-lasalle.fr<\/a> sont destin\u00e9es \u00e0 l\u2019usage d\u2019ECAM LaSalle et de ses filiales. Elles sont confidentielles et trait\u00e9es comme telles.<\/p>\n\n\n\n<p>Concernant les informations \u00e0 caract\u00e8re nominatif que vous seriez amen\u00e9s \u00e0 nous communiquer, vous b\u00e9n\u00e9ficiez d\u2019un droit d\u2019acc\u00e8s et de rectification conform\u00e9ment \u00e0 la loi fran\u00e7aise Informatique et Libert\u00e9 n\u00b0 78-17 du 6 janvier 1978. <\/p>\n\n\n\n<p>Vous pouvez exercer ce droit aupr\u00e8s d\u2019ECAM LaSalle \u2013 40 mont\u00e9e Saint Barth\u00e9l\u00e9my \u2013 69321 Lyon cedex 05 \u2013 T\u00e9l\u00e9phone : 04 72 72 06 00 \u2013 Fax : 04 72 77 06 11<\/p>\n\n\n\n<p>La collecte de ces informations est n\u00e9cessaire pour r\u00e9pondre \u00e0 vos demandes d\u2019offres commerciales et vous adresser, le cas \u00e9ch\u00e9ant, une lettre d\u2019information \u00e9lectronique.<\/p>\n\n\n\n<p>Nous vous signalons qu\u2019afin de vous proposer des produits et services toujours plus adapt\u00e9s, certaines informations \u00e0 caract\u00e8re non personnel, relatives \u00e0 votre activit\u00e9 sur ce site, seront automatiquement collect\u00e9es. Ces informations sont destin\u00e9es \u00e0 ECAM LaSalle et pourront \u00e9galement \u00eatre utilis\u00e9es dans le cadre d\u2019op\u00e9rations commerciales ou de marketing ou servir de base \u00e0 des \u00e9tudes et analyses.<\/p>\n\n\n\n<p>Ces informations ne seront en aucun cas communiqu\u00e9es \u00e0 des tiers. Seul le personnel d\u2019ECAM LaSalle ou celui des agences qui nous assistent pour la gestion de ces op\u00e9rations ont acc\u00e8s aux donn\u00e9es. Ces agences sont tenues de respecter la confidentialit\u00e9 des informations et de ne les utiliser que pour l\u2019op\u00e9ration bien pr\u00e9cise pour laquelle elles doivent intervenir.<\/p>\n\n\n\n<h2 class=\"wp-block-heading\">Donn\u00e9es personnelles, statistiques de suivi, s\u00e9curit\u00e9<\/h2>\n\n\n\n<p>Nous utilisons les donn\u00e9es de connexion pour nos statistiques de consultation (type de navigateur, nombre de visiteurs, rubriques visit\u00e9es\u2026) pour l\u2019optimisation de notre site en terme de rubriques et de navigation, mais ces informations ne sont pas transmises \u00e0 des tiers.<\/p>\n\n\n\n<p>Nous prenons toutes les pr\u00e9cautions utiles afin de pr\u00e9server l\u2019int\u00e9grit\u00e9 des donn\u00e9es, leur confidentialit\u00e9 et emp\u00eacher toute communication \u00e0 des tiers non autoris\u00e9s.<\/p>\n\n\n\n<h2 class=\"wp-block-heading\">Cookies<\/h2>\n\n\n\n<p>Nous vous informons de la pr\u00e9sence de cookies de session. Un cookie de session est un fichier texte qui se cr\u00e9e sur votre ordinateur. Ce fichier texte a une dur\u00e9e de vie limit\u00e9e et se d\u00e9truit \u00e0 la fin de votre consultation. Aucune des donn\u00e9es stock\u00e9es de votre ordinateur ne sont inscrites dans ces cookies de session. A chaque fois que vous changez de page, ce fichier texte permet au serveur de vous reconna\u00eetre en toute s\u00e9curit\u00e9. <\/p>\n\n\n\n<p>Sans cookie de session, vous devriez vous identifier \u00e0 chaque changement de page. La d\u00e9sactivation de ces cookies de session interdit l\u2019acc\u00e8s \u00e0 votre espace personnel. Nous vous informons \u00e9galement de la pr\u00e9sence d\u2019un cookie non d\u00e9truit \u00e0 la fin de votre consultation. Ce cookie nous permet d\u2019affiner l\u2019analyse de la fr\u00e9quentation de notre site, et de g\u00e9rer l\u2019affichage de fen\u00eatre modale. <\/p>\n\n\n\n<p>Tous les r\u00e9sultats obtenus sont compil\u00e9s et totalement anonymes. Dans tous les cas, vous avez le contr\u00f4le de ces cookies. Vous avez la possibilit\u00e9 de les lire, de les filtrer, de les refuser et de les d\u00e9truire dans la configuration de votre navigateur Interne.<\/p>\n\n\n\n<h2 class=\"wp-block-heading\">Droits de propri\u00e9t\u00e9 intellectuelle<\/h2>\n\n\n\n<p>ECAM LaSalle avise les utilisateurs de ce site que de nombreux \u00e9l\u00e9ments de ce site :<\/p>\n\n\n\n<ul class=\"wp-block-list\">\n<li>Sont prot\u00e9g\u00e9s par la l\u00e9gislation sur le droit d\u2019auteur&nbsp;: ce peut \u00eatre notamment le cas des photographies, des articles, des dessins, des s\u00e9quences anim\u00e9es,\u2026&nbsp;; et\/ou sont prot\u00e9g\u00e9s par la l\u00e9gislation sur les dessins et mod\u00e8les&nbsp;; sont prot\u00e9g\u00e9s par la l\u00e9gislation sur les marques.<\/li>\n<\/ul>\n\n\n\n<p>Les \u00e9l\u00e9ments ainsi prot\u00e9g\u00e9s sont la propri\u00e9t\u00e9 d\u2019ECAM LaSalle ou de tiers ayant autoris\u00e9 ECAM LaSalle \u00e0 les exploiter. <\/p>\n\n\n\n<p>A ce titre, toute reproduction, repr\u00e9sentation, utilisation, adaptation, modification, incorporation, traduction, commercialisation, partielles ou int\u00e9grales par quelque proc\u00e9d\u00e9 et sur quelque support que ce soit (papier, num\u00e9rique\u2026) sont interdites, sans l\u2019autorisation \u00e9crite pr\u00e9alable de L\u2019ECAM Lyon, hormis les exceptions vis\u00e9es \u00e0 l\u2019article L 122.5 du Code de la Propri\u00e9t\u00e9 Intellectuelle, sous peine de constituer un d\u00e9lit de contrefa\u00e7on de droit d\u2019auteur et\/ou de dessins et mod\u00e8les et\/ou de marque, puni de deux ans d\u2019emprisonnement et de 150 000\u20ac d\u2019amende.<\/p>\n\n\n\n<h2 class=\"wp-block-heading\">Droits d\u2019auteur et\/ou Droits sur les Dessins et Mod\u00e8les<\/h2>\n\n\n\n<p>Les photographies, textes, slogans, dessins, images, s\u00e9quences anim\u00e9es sonores ou non ainsi que toutes les \u0153uvres int\u00e9gr\u00e9es dans le site sont la propri\u00e9t\u00e9 d\u2019ECAM LaSalle ou de tiers ayant autoris\u00e9 ECAM LaSalle \u00e0 les utiliser.<\/p>\n\n\n\n<p>Les reproductions, sur un support papier ou informatique, dudit site sont autoris\u00e9es sous r\u00e9serve qu\u2019elles soient strictement r\u00e9serv\u00e9es \u00e0 un usage personnel excluant tout usage \u00e0 des fins publicitaires et\/ou commerciales et\/ou d\u2019information et\/ou qu\u2019elles soient conformes aux dispositions de l\u2019article L122-5 du Code de la Propri\u00e9t\u00e9 Intellectuelle.<\/p>\n\n\n\n<h2 class=\"wp-block-heading\">Informations relatives aux produits<\/h2>\n\n\n\n<p>Les informations et illustrations figurant sur les pages de ce site Internet sont bas\u00e9es sur les caract\u00e9ristiques techniques en cours au moment de la mise en ligne ou de la mise \u00e0 jour des diff\u00e9rentes pages du site.<\/p>\n\n\n\n<p>Dans le cadre d\u2019une politique d\u2019am\u00e9lioration constante de ses produits et services, ECAM LaSalle peut modifier \u00e0 tout moment les caract\u00e9ristiques de son offre. Les produits et\/ou services pr\u00e9sent\u00e9s sur ce site sont ceux distribu\u00e9s en France m\u00e9tropolitaine. Ils peuvent varier d\u2019un pays \u00e0 l\u2019autre ou ne pas \u00eatre disponibles dans tous les pays du monde.<\/p>\n\n\n\n<p>En tout \u00e9tat de cause, les informations contenues sur ce site sont des informations \u00e0 caract\u00e8re g\u00e9n\u00e9ral et n\u2019ont pas valeur contractuelle.<\/p>\n\n\n\n<h2 class=\"wp-block-heading\">Droit applicable<\/h2>\n\n\n\n<p>Le site Internet\u00a0<a href=\"http:\/\/welcome.ecam.f\"><a href=\"http:\/\/my.ecam-lasalle.fr\" data-type=\"link\" data-id=\"my.ecam-lasalle.fr\">my.ecam-lasalle.fr<\/a><\/a>\u00a0et les pr\u00e9sentes conditions g\u00e9n\u00e9rales sont soumises au droit fran\u00e7ais et sont r\u00e9dig\u00e9s en fran\u00e7ais.<\/p>\n\n\n\n<p>Pour tout litige, il est fait attribution exclusive de juridiction aux tribunaux comp\u00e9tents du ressort de Lyon. ECAM LaSalle se r\u00e9serve le droit de modifier les pr\u00e9sentes mentions \u00e0 tout moment. L\u2019utilisateur s\u2019engage \u00e0 la consulter r\u00e9guli\u00e8rement.<\/p>\n\n\n\n<h2 class=\"wp-block-heading\">Limitation de responsabilit\u00e9<\/h2>\n\n\n\n<p>Vous utilisez le site\u00a0<a href=\"http:\/\/my.ecam-lasalle.fr\" data-type=\"link\" data-id=\"my.ecam-lasalle.fr\">my.ecam-lasalle.fr<\/a> sous votre seule et enti\u00e8re responsabilit\u00e9. ECAM LaSalle ne pourra \u00eatre tenu pour responsable des dommages directs ou indirects, tels que, notamment, pr\u00e9judice mat\u00e9riel, pertes de donn\u00e9es ou de programme, pr\u00e9judice financier, r\u00e9sultant de l\u2019utilisation de ce site ou de sites qui lui sont li\u00e9s.<\/p>\n\n\n\n<h2 class=\"wp-block-heading\">Mise \u00e0 jour<\/h2>\n\n\n\n<p>ECAM LaSalle se r\u00e9serve le droit de modifier et de mettre \u00e0 jour, sans pr\u00e9avis, les pr\u00e9sentes mentions l\u00e9gales et tous les \u00e9l\u00e9ments, produits pr\u00e9sent\u00e9s sur le site. L\u2019ensemble de ces modifications s\u2019impose aux internautes qui doivent consulter les pr\u00e9sentes Conditions G\u00e9n\u00e9rales lors de chaque connexion.<\/p>\n\n\n\n<h2 class=\"wp-block-heading\">La reproduction sur support papier<\/h2>\n\n\n\n<p>A l\u2019exception de l\u2019iconographie, la reproduction des pages de ce site sur un support papier est autoris\u00e9e, sous r\u00e9serve du respect des trois conditions suivantes&nbsp;:<\/p>\n\n\n\n<ul class=\"wp-block-list\">\n<li>gratuit\u00e9 de la diffusion.<\/li>\n\n\n\n<li>respect de l\u2019int\u00e9grit\u00e9 des documents reproduits (aucune modification, ni alt\u00e9ration d\u2019aucune sorte).<\/li>\n\n\n\n<li>citation explicite du site<a href=\"http:\/\/welcome.ecam.f\"> <a href=\"http:\/\/my.ecam-lasalle.fr\" data-type=\"link\" data-id=\"my.ecam-lasalle.fr\">my.ecam-lasalle.fr<\/a><\/a> comme source et mention que les droits de reproduction sont r\u00e9serv\u00e9s et strictement limit\u00e9s.<\/li>\n<\/ul>\n\n\n\n<h2 class=\"wp-block-heading\">La reproduction sur support \u00e9lectronique<\/h2>\n\n\n\n<p>La reproduction de tout ou partie de ce site sur un support \u00e9lectronique est autoris\u00e9e sous r\u00e9serve de l\u2019ajout de fa\u00e7on claire et lisible de la source <a href=\"http:\/\/my.ecam-lasalle.fr\" data-type=\"link\" data-id=\"my.ecam-lasalle.fr\">my.ecam-lasalle.fr<\/a> et de la mention \u00ab\u00a0Droits r\u00e9serv\u00e9s\u00a0\u00bb. Les informations utilis\u00e9es ne doivent l\u2019\u00eatre qu\u2019\u00e0 des fins personnelles ou associatives ; toute utilisation \u00e0 des fins commerciales est interdite sauf accord pr\u00e9alable par \u00e9crit d\u2019ECAM LaSalle.<\/p>\n","protected":false},"excerpt":{"rendered":"<p>Nous vous remercions de votre visite sur le site\u00a0my.ecam-lasalle.fr Vous trouverez ci-dessous notre politique en mati\u00e8re de traitement de donn\u00e9es personnelles. En visitant ce site vous acceptez les pratiques que nous d\u00e9taillons et vous adh\u00e9rez aux termes et conditions \u00e9nonc\u00e9es ci-apr\u00e8s. Con\u00e7u de mani\u00e8re \u00ab\u00a0responsive\u00a0\u00bb le site d\u2019ECAM LaSalle s\u2019adapte \u00e0 tous supports, toutes r\u00e9solutions.&hellip;<\/p>\n","protected":false},"author":1,"featured_media":0,"parent":0,"menu_order":0,"comment_status":"closed","ping_status":"closed","template":"","meta":{"footnotes":""},"class_list":["post-89","page","type-page","status-publish","hentry","description-off"],"_links":{"self":[{"href":"https:\/\/my.ecam-lasalle.fr\/en\/wp-json\/wp\/v2\/pages\/89","targetHints":{"allow":["GET"]}}],"collection":[{"href":"https:\/\/my.ecam-lasalle.fr\/en\/wp-json\/wp\/v2\/pages"}],"about":[{"href":"https:\/\/my.ecam-lasalle.fr\/en\/wp-json\/wp\/v2\/types\/page"}],"author":[{"embeddable":true,"href":"https:\/\/my.ecam-lasalle.fr\/en\/wp-json\/wp\/v2\/users\/1"}],"replies":[{"embeddable":true,"href":"https:\/\/my.ecam-lasalle.fr\/en\/wp-json\/wp\/v2\/comments?post=89"}],"version-history":[{"count":5,"href":"https:\/\/my.ecam-lasalle.fr\/en\/wp-json\/wp\/v2\/pages\/89\/revisions"}],"predecessor-version":[{"id":7594,"href":"https:\/\/my.ecam-lasalle.fr\/en\/wp-json\/wp\/v2\/pages\/89\/revisions\/7594"}],"wp:attachment":[{"href":"https:\/\/my.ecam-lasalle.fr\/en\/wp-json\/wp\/v2\/media?parent=89"}],"curies":[{"name":"wp","href":"https:\/\/api.w.org\/{rel}","templated":true}]}}